{"id":2262,"date":"2019-04-02T11:16:36","date_gmt":"2019-04-02T11:16:36","guid":{"rendered":"https:\/\/bruggencampus.nl\/our-themes-and-issues\/sprints\/sprint-3\/"},"modified":"2022-04-11T09:19:48","modified_gmt":"2022-04-11T09:19:48","slug":"sprint-3","status":"publish","type":"page","link":"https:\/\/bruggencampus.nl\/en\/innovations\/sprints\/sprint-3\/","title":{"rendered":"Sprint 3"},"content":{"rendered":"<p>[et_pb_section fb_built=&#8221;1&#8243; _builder_version=&#8221;4.16&#8243; custom_padding=&#8221;||||false|false&#8221; global_colors_info=&#8221;{}&#8221;][et_pb_row column_structure=&#8221;1_2,1_2&#8243; _builder_version=&#8221;4.16&#8243; background_size=&#8221;initial&#8221; background_position=&#8221;top_left&#8221; background_repeat=&#8221;repeat&#8221; global_colors_info=&#8221;{}&#8221;][et_pb_column type=&#8221;1_2&#8243; _builder_version=&#8221;4.16&#8243; custom_padding=&#8221;|||&#8221; global_colors_info=&#8221;{}&#8221; custom_padding__hover=&#8221;|||&#8221;][et_pb_text _builder_version=&#8221;4.17.0&#8243; background_size=&#8221;initial&#8221; background_position=&#8221;top_left&#8221; background_repeat=&#8221;repeat&#8221; global_colors_info=&#8221;{}&#8221;]<\/p>\n<h1>Sprint 3<\/h1>\n<p><span class=\"sub\">Expert meeting<\/span><\/p>\n<p><span class=\"intro\">Co-creation in contracting for bridges: that does not happen often. The municipality of Almere and the province of Flevoland did it. They launched an open innovative challenge for the Floriade Expo 2022 on 2 April 2019. Three mixed teams of contractors and experts worked separately on the designs for two innovative, circular bridges for the Floriade2022 terrain. Under the guidance of the Noorderwind and Zeewaardig Service Design bureaus, the teams met up on 6 June 2019 for the third sprint of this open innovation procedure.<br \/><\/span><\/p>\n<p>On this day, the teams could ask questions of the different experts from the client to ascertain how feasible are their innovative ideas for bridge designs with reference to the awarding criteria, permits and the planning of the Floriade.<\/p>\n<p>[\/et_pb_text][\/et_pb_column][et_pb_column type=&#8221;1_2&#8243; _builder_version=&#8221;4.16&#8243; custom_padding=&#8221;|||&#8221; global_colors_info=&#8221;{}&#8221; custom_padding__hover=&#8221;|||&#8221;][et_pb_image src=&#8221;https:\/\/bruggencampus.nl\/flevoland\/wp-content\/uploads\/2020\/09\/Expert-sessie-overzicht-6-Juni-2019-1024&#215;683.jpg&#8221; alt=&#8221;Expert session overview&#8221; _builder_version=&#8221;4.17.0&#8243; _module_preset=&#8221;default&#8221; global_colors_info=&#8221;{}&#8221;][\/et_pb_image][\/et_pb_column][\/et_pb_row][et_pb_row _builder_version=&#8221;4.16&#8243; background_size=&#8221;initial&#8221; background_position=&#8221;top_left&#8221; background_repeat=&#8221;repeat&#8221; global_colors_info=&#8221;{}&#8221;][et_pb_column type=&#8221;4_4&#8243; _builder_version=&#8221;4.16&#8243; custom_padding=&#8221;|||&#8221; global_colors_info=&#8221;{}&#8221; custom_padding__hover=&#8221;|||&#8221;][et_pb_text _builder_version=&#8221;4.17.0&#8243; background_size=&#8221;initial&#8221; background_position=&#8221;top_left&#8221; background_repeat=&#8221;repeat&#8221; global_colors_info=&#8221;{}&#8221;]<\/p>\n<h2>Legal Session<\/h2>\n<p>There was another session held before session 3, on 23 May 2019. In the legal field, there is also room for innovation. In a traditional contracting procedure, the contract is often prepared in advance, and the party awarded the commission must basically accept the contract more or less just as it is. In this new approach, we bring the parties together around a table before the commission is awarded.<\/p>\n<p>The idea is to enable the exchange of wishes and ideas in an open atmosphere to generate understanding of each other\u2019s position and come up with solutions together. The final result was a series of joint ideas about the contract for the commission. Both the contractors and the lawyers greatly appreciated being able to discuss topics at this early stage. The open atmosphere in particular ensured there was room to consult and discuss cares. One important insight derived from the question of whether the lawyers who were participating in this would also be involved in the final commission. That is something that is not always guaranteed, although it is preferable to be working with the same people during the implementation as when discussing the contract, as you both understand the spirit in which the agreements were made, if it should turn out differently in practice. The outcome of this legal session will be processed into a draft contract that the contractors can provide feedback on.<\/p>\n<p>&nbsp;<\/p>\n<p>[\/et_pb_text][\/et_pb_column][\/et_pb_row][et_pb_row column_structure=&#8221;1_2,1_2&#8243; _builder_version=&#8221;4.16&#8243; background_size=&#8221;initial&#8221; background_position=&#8221;top_left&#8221; background_repeat=&#8221;repeat&#8221; custom_padding=&#8221;||0px|||&#8221; global_colors_info=&#8221;{}&#8221;][et_pb_column type=&#8221;1_2&#8243; _builder_version=&#8221;4.16&#8243; custom_padding=&#8221;|||&#8221; global_colors_info=&#8221;{}&#8221; custom_padding__hover=&#8221;|||&#8221;][et_pb_image src=&#8221;https:\/\/bruggencampus.nl\/flevoland\/wp-content\/uploads\/2020\/09\/Expert-sessie-reactie-6-Juni-2019-1024&#215;683.jpg&#8221; alt=&#8221;Expertsession reaction&#8221; _builder_version=&#8221;4.17.0&#8243; _module_preset=&#8221;default&#8221; global_colors_info=&#8221;{}&#8221;][\/et_pb_image][\/et_pb_column][et_pb_column type=&#8221;1_2&#8243; _builder_version=&#8221;4.16&#8243; custom_padding=&#8221;|||&#8221; global_colors_info=&#8221;{}&#8221; custom_padding__hover=&#8221;|||&#8221;][et_pb_text _builder_version=&#8221;4.17.0&#8243; background_size=&#8221;initial&#8221; background_position=&#8221;top_left&#8221; background_repeat=&#8221;repeat&#8221; global_colors_info=&#8221;{}&#8221;]<\/p>\n<h2>Experts<\/h2>\n<p>In the third sprint, the expert session, the teams discuss in turn with the experts in the field of permits, the shared digital environment, the planning of the Floriade and the urban planner of the Floriade who also contributed to the bridges passport; one of the conditions to be met in this contracting procedure.<\/p>\n<p>For the expert in the field of permits, it was not usual to be involved in the development at this early stage. He appreciated this because he could point out earlier where there were potential challenges for obtaining a permit so the contractor could already anticipate this before all the plans were definitive.<\/p>\n<p>It was the talk about the bridges passport that was most insightful: the boundaries of the requirements were discussed in depth, what could possibly be accepted and what not. On the other side, the urban planner was delighted with a number of the creative solutions already proposed by the teams.<\/p>\n<p>&nbsp;<\/p>\n<p>[\/et_pb_text][\/et_pb_column][\/et_pb_row][et_pb_row column_structure=&#8221;1_2,1_2&#8243; _builder_version=&#8221;4.16&#8243; _module_preset=&#8221;default&#8221; global_colors_info=&#8221;{}&#8221;][et_pb_column type=&#8221;1_2&#8243; _builder_version=&#8221;4.16&#8243; _module_preset=&#8221;default&#8221; global_colors_info=&#8221;{}&#8221;][et_pb_text _builder_version=&#8221;4.17.0&#8243; background_size=&#8221;initial&#8221; background_position=&#8221;top_left&#8221; background_repeat=&#8221;repeat&#8221; global_colors_info=&#8221;{}&#8221;]<\/p>\n<h2>More concrete<\/h2>\n<p>The ideas of all teams became more concrete between sprints 2 and 3, and this expert session helped the teams to develop their designs further. Most of the participants evaluated this session as extremely useful, and much was clarified. \u00a0The \u201copenness and clarity\u201d of the experts were greatly appreciated. The appreciation of the co-creation process was the highest on average after this session in comparison with the first sessions.<\/p>\n<p>Talking for an entire day and consulting experts is an intensive process, and the participants were tired at the end of the programme. The feedback was positive: there had been enough time to really discuss the designs in depth and collect useful information from the relevant parties concerning the awarding process. Some even described the day as relaxed.<\/p>\n<p>[\/et_pb_text][\/et_pb_column][et_pb_column type=&#8221;1_2&#8243; _builder_version=&#8221;4.16&#8243; _module_preset=&#8221;default&#8221; global_colors_info=&#8221;{}&#8221;][et_pb_image src=&#8221;https:\/\/bruggencampus.nl\/flevoland\/wp-content\/uploads\/2020\/09\/Expert-sessie-in-gesprek-6-Juni-2019-1024&#215;683.jpg&#8221; alt=&#8221;Expert session in conversation&#8221; _builder_version=&#8221;4.17.0&#8243; _module_preset=&#8221;default&#8221; global_colors_info=&#8221;{}&#8221;][\/et_pb_image][\/et_pb_column][\/et_pb_row][et_pb_row _builder_version=&#8221;4.16&#8243; _module_preset=&#8221;default&#8221; global_colors_info=&#8221;{}&#8221;][et_pb_column type=&#8221;4_4&#8243; _builder_version=&#8221;4.16&#8243; _module_preset=&#8221;default&#8221; global_colors_info=&#8221;{}&#8221;][et_pb_text _builder_version=&#8221;4.17.0&#8243; background_size=&#8221;initial&#8221; background_position=&#8221;top_left&#8221; background_repeat=&#8221;repeat&#8221; hover_enabled=&#8221;0&#8243; global_colors_info=&#8221;{}&#8221; sticky_enabled=&#8221;0&#8243;]<\/p>\n<h2>\u00a0Next phase<\/h2>\n<p>With the information from the experts, the teams can work towards their definitive design proposals. On 11 July 2019, a last session was held before the final presentation and submission of the development plans during which the teams were stimulated through brainstorming to look at the awarding criteria again from a fresh perspective. The pitfall with a commission like this one is that the innovation may focus on the bridge. The awarding criteria and thus the points to be earned aimed more at, for example, knowledge transmission and the added value of the bridge for the benefits of the Floriade.<\/p>\n<p>Lees ook:<\/p>\n<ul>\n<li><a href=\"https:\/\/bruggencampus.nl\/en\/innovations\/sprints\/sprint-1\/\">Sprint 1<\/a><\/li>\n<li><a href=\"https:\/\/bruggencampus.nl\/en\/innovations\/sprints\/sprint-2\/\">Sprint 2<\/a><\/li>\n<li><a href=\"https:\/\/bruggencampus.nl\/en\/innovations\/sprints\/sprint-4\/\">Sprint 4<\/a><\/li>\n<\/ul>\n<p>[\/et_pb_text][\/et_pb_column][\/et_pb_row][\/et_pb_section]<\/p>\n","protected":false},"excerpt":{"rendered":"<p>Co-creatie in een aanbesteding voor bruggen: dat gebeurt niet vaak. Gemeente Almere en provincie Flevoland doen het. Zij startten 2 april 2019 een open innovatie challenge voor de Floriade&#8230;<\/p>\n","protected":false},"author":1,"featured_media":1901,"parent":2133,"menu_order":2,"comment_status":"closed","ping_status":"closed","template":"","meta":{"_et_pb_use_builder":"on","_et_pb_old_content":"<strong>Expertmeeting<\/strong>\r\n\r\nCo-creatie in een aanbesteding voor bruggen: dat gebeurt niet vaak. Gemeente Almere en provincie Flevoland doen het. Zij startten 2 april 2019 een open innovatie challenge voor de Floriade Expo 2022. 3 gemengde teams van aannemers en experts werken elk aan ontwerpen voor 2 innovatieve, circulaire bruggen voor het Floriade 2022 terrein. Onder begeleiding van de bureaus Noorderwind en Zeewaardig Service Design kwamen de teams op 6 juni 2019 samen voor de 3e sprint van dit open innovatietraject. Op deze dag konden de teams vragen stellen aan verschillende experts rondom de opdrachtgever om na te gaan hoe haalbaar hun innovatieve idee\u00ebn voor bruggenontwerpen zijn met betrekking tot de gunningscriteria, vergunningen en de planning van de Floriade.\r\n\r\n<strong>Juridische Sessie<\/strong>\r\n\r\nV\u00f3\u00f3r sessie 3 is er, op 23 mei 2019, nog een sessie geweest. Want ook op het juridische vlak is er ruimte voor vernieuwing. In een traditionele aanbesteding is het contract vaak al opgesteld en heeft de partij aan wie de opdracht gegund is het contract min of meer te accepteren zoals het is. In deze nieuwe aanpak zetten we de partijen v\u00f3\u00f3r de gunning al bij elkaar aan tafel. Het idee is om in een open sfeer wensen en idee\u00ebn uit te kunnen wisselen om begrip te kweken voor elkaars positie en samen oplossingen te bedenken. Het eindresultaat was een serie gezamenlijke idee\u00ebn met betrekking tot het contract voor de opdracht. Het werd door zowel de aannemers als de juristen erg gewaardeerd in dit stadium al met elkaar te praten. Met name de open sfeer zorgde voor ruimte om te overleggen en zorgen te bespreken. E\u00e9n belangrijk inzicht kwam uit de vraag of de juristen die nu betrokken waren, ook betrokken zouden zijn bij de uiteindelijke opdracht. Dat is namelijk lang niet altijd zeker, terwijl het erg fijn is als je ook met degene de uitvoering doet met wie je het contract besproken hebt, zodat je allebei weet in welke geest de afspraken zijn gemaakt, mochten er zaken anders lopen. De uitkomst van deze juridische sessie zal worden verwerkt tot conceptcontract waar de aannemers feedback op kunnen geven.\r\n\r\n<strong>Experts<\/strong>\r\n\r\nIn de derde sprint, de expertsessie, spreken de teams om de beurt met experts op het gebied van vergunningen, de gedeelde digitale omgeving, de planning van de Floriade en de stedenbouwkundige van de Floriade die ook aan het bruggenpaspoort heeft geschreven, \u00e9\u00e9n van de voorwaarden waaraan voldaan moet worden in deze aanbesteding. Voor de expert op het gebied van vergunningen was het niet gebruikelijk om in dit vroege stadium al betrokken te zijn bij de ontwikkeling. Hij waardeerde het omdat je daarmee eerder kunt aangeven waar mogelijke uitdagingen liggen voor een vergunning en de opdrachtnemer daar dus ook op kan anticiperen voordat alle plannen definitief zijn. Daarnaast bleek \u00a0vooral het gesprek over het bruggenpaspoort verhelderend: er werd uitvoerig overlegd waar de grenzen lagen van de eisen, wat eventueel nog geaccepteerd zou kunnen worden en wat niet. Anderzijds was de stedenbouwkundige blij verrast met een aantal creatieve oplossingen die door de teams al gevonden zijn.\r\n\r\n<strong>Concreter<\/strong>\r\n\r\nDe idee\u00ebn van alle teams zijn tussen sprint 2 en 3 een stuk concreter geworden en deze expertsessie hielp de teams voor de verdere ontwikkeling van hun ontwerpen. De meeste deelnemers beoordeelden deze sessie als erg nuttig, er werden veel\u00a0 opgehelderd. \u00a0Ook de \u201copenheid en duidelijkheid\u201d van de experts werden gewaardeerd. De waardering van het co-creatieproces was na deze sessie gemiddeld ook het hoogste in vergelijking tot de eerste sessies. Een hele dag praten en overleggen met experts is intensief en de deelnemers waren goed uitgeput aan het einde van het programma. De feedback was positief: er was voldoende tijd om de ontwerpen echt goed door te spreken en nuttige informatie te verzamelen van relevante partijen rondom de gunning. Sommigen omschreven de dag zelfs als relaxed.\r\n\r\n<strong>Volgende fase<\/strong>\r\n\r\nMet de informatie van de experts kunnen de teams nu toewerken naar hun definitieve ontwerpvoorstellen. Op 11 juli 2019 volgt er een laatste sessie voor de eindpresentatie en het inleveren van de ontwikkelplannen waarin de teams via een brainstorm nog eens gestimuleerd worden de gunningscriteria met een frisse blik te bekijken. De valkuil met een opdracht als deze is namelijk dat de innovatie zich vooral richt op de brug zelf. De gunningscriteria en daarmee de te verdienen punten sturen echter ook aan op bijvoorbeeld kennisoverdracht en de toegevoegde waarde van de brug voor de baten van de Floriade.\r\n\r\n<strong>Eerdere artikelen<\/strong>\r\n\r\nLees ook de eerder gepubliceerde artikelen:\r\n\r\nAndere aanpak","_et_gb_content_width":"","footnotes":""},"class_list":["post-2262","page","type-page","status-publish","has-post-thumbnail","hentry"],"yoast_head":"<!-- This site is optimized with the Yoast SEO plugin v27.4 - https:\/\/yoast.com\/product\/yoast-seo-wordpress\/ -->\n<title>Sprint 3 - Bruggencampus<\/title>\n<meta name=\"robots\" content=\"index, follow, max-snippet:-1, max-image-preview:large, max-video-preview:-1\" \/>\n<link rel=\"canonical\" href=\"https:\/\/bruggencampus.nl\/en\/innovations\/sprints\/sprint-3\/\" \/>\n<meta property=\"og:locale\" content=\"en_US\" \/>\n<meta property=\"og:type\" content=\"article\" \/>\n<meta property=\"og:title\" content=\"Sprint 3 - Bruggencampus\" \/>\n<meta property=\"og:description\" content=\"Co-creatie in een aanbesteding voor bruggen: dat gebeurt niet vaak. Gemeente Almere en provincie Flevoland doen het. Zij startten 2 april 2019 een open innovatie challenge voor de Floriade...\" \/>\n<meta property=\"og:url\" content=\"https:\/\/bruggencampus.nl\/en\/innovations\/sprints\/sprint-3\/\" \/>\n<meta property=\"og:site_name\" content=\"Bruggencampus\" \/>\n<meta property=\"article:modified_time\" content=\"2022-04-11T09:19:48+00:00\" \/>\n<meta property=\"og:image\" content=\"https:\/\/bruggencampus.nl\/flevoland\/wp-content\/uploads\/2020\/09\/Expert-sessie-overzicht-6-Juni-2019.jpg\" \/>\n\t<meta property=\"og:image:width\" content=\"1920\" \/>\n\t<meta property=\"og:image:height\" content=\"1280\" \/>\n\t<meta property=\"og:image:type\" content=\"image\/jpeg\" \/>\n<meta name=\"twitter:card\" content=\"summary_large_image\" \/>\n<meta name=\"twitter:label1\" content=\"Est. reading time\" \/>\n\t<meta name=\"twitter:data1\" content=\"6 minutes\" \/>\n<script type=\"application\/ld+json\" class=\"yoast-schema-graph\">{\"@context\":\"https:\\\/\\\/schema.org\",\"@graph\":[{\"@type\":\"WebPage\",\"@id\":\"https:\\\/\\\/bruggencampus.nl\\\/en\\\/innovations\\\/sprints\\\/sprint-3\\\/\",\"url\":\"https:\\\/\\\/bruggencampus.nl\\\/en\\\/innovations\\\/sprints\\\/sprint-3\\\/\",\"name\":\"Sprint 3 - Bruggencampus\",\"isPartOf\":{\"@id\":\"https:\\\/\\\/bruggencampus.nl\\\/en\\\/#website\"},\"primaryImageOfPage\":{\"@id\":\"https:\\\/\\\/bruggencampus.nl\\\/en\\\/innovations\\\/sprints\\\/sprint-3\\\/#primaryimage\"},\"image\":{\"@id\":\"https:\\\/\\\/bruggencampus.nl\\\/en\\\/innovations\\\/sprints\\\/sprint-3\\\/#primaryimage\"},\"thumbnailUrl\":\"https:\\\/\\\/bruggencampus.nl\\\/flevoland\\\/wp-content\\\/uploads\\\/2020\\\/09\\\/Expert-sessie-overzicht-6-Juni-2019.jpg\",\"datePublished\":\"2019-04-02T11:16:36+00:00\",\"dateModified\":\"2022-04-11T09:19:48+00:00\",\"breadcrumb\":{\"@id\":\"https:\\\/\\\/bruggencampus.nl\\\/en\\\/innovations\\\/sprints\\\/sprint-3\\\/#breadcrumb\"},\"inLanguage\":\"en-US\",\"potentialAction\":[{\"@type\":\"ReadAction\",\"target\":[\"https:\\\/\\\/bruggencampus.nl\\\/en\\\/innovations\\\/sprints\\\/sprint-3\\\/\"]}]},{\"@type\":\"ImageObject\",\"inLanguage\":\"en-US\",\"@id\":\"https:\\\/\\\/bruggencampus.nl\\\/en\\\/innovations\\\/sprints\\\/sprint-3\\\/#primaryimage\",\"url\":\"https:\\\/\\\/bruggencampus.nl\\\/flevoland\\\/wp-content\\\/uploads\\\/2020\\\/09\\\/Expert-sessie-overzicht-6-Juni-2019.jpg\",\"contentUrl\":\"https:\\\/\\\/bruggencampus.nl\\\/flevoland\\\/wp-content\\\/uploads\\\/2020\\\/09\\\/Expert-sessie-overzicht-6-Juni-2019.jpg\",\"width\":1920,\"height\":1280},{\"@type\":\"BreadcrumbList\",\"@id\":\"https:\\\/\\\/bruggencampus.nl\\\/en\\\/innovations\\\/sprints\\\/sprint-3\\\/#breadcrumb\",\"itemListElement\":[{\"@type\":\"ListItem\",\"position\":1,\"name\":\"Home\",\"item\":\"https:\\\/\\\/bruggencampus.nl\\\/en\\\/\"},{\"@type\":\"ListItem\",\"position\":2,\"name\":\"Innovations\",\"item\":\"https:\\\/\\\/bruggencampus.nl\\\/en\\\/innovations\\\/\"},{\"@type\":\"ListItem\",\"position\":3,\"name\":\"Sprints\",\"item\":\"https:\\\/\\\/bruggencampus.nl\\\/en\\\/sprints\\\/\"},{\"@type\":\"ListItem\",\"position\":4,\"name\":\"Sprint 3\"}]},{\"@type\":\"WebSite\",\"@id\":\"https:\\\/\\\/bruggencampus.nl\\\/en\\\/#website\",\"url\":\"https:\\\/\\\/bruggencampus.nl\\\/en\\\/\",\"name\":\"Bruggencampus\",\"description\":\"Flevoland\",\"potentialAction\":[{\"@type\":\"SearchAction\",\"target\":{\"@type\":\"EntryPoint\",\"urlTemplate\":\"https:\\\/\\\/bruggencampus.nl\\\/en\\\/?s={search_term_string}\"},\"query-input\":{\"@type\":\"PropertyValueSpecification\",\"valueRequired\":true,\"valueName\":\"search_term_string\"}}],\"inLanguage\":\"en-US\"}]}<\/script>\n<!-- \/ Yoast SEO plugin. -->","yoast_head_json":{"title":"Sprint 3 - Bruggencampus","robots":{"index":"index","follow":"follow","max-snippet":"max-snippet:-1","max-image-preview":"max-image-preview:large","max-video-preview":"max-video-preview:-1"},"canonical":"https:\/\/bruggencampus.nl\/en\/innovations\/sprints\/sprint-3\/","og_locale":"en_US","og_type":"article","og_title":"Sprint 3 - Bruggencampus","og_description":"Co-creatie in een aanbesteding voor bruggen: dat gebeurt niet vaak. Gemeente Almere en provincie Flevoland doen het. Zij startten 2 april 2019 een open innovatie challenge voor de Floriade...","og_url":"https:\/\/bruggencampus.nl\/en\/innovations\/sprints\/sprint-3\/","og_site_name":"Bruggencampus","article_modified_time":"2022-04-11T09:19:48+00:00","og_image":[{"width":1920,"height":1280,"url":"https:\/\/bruggencampus.nl\/flevoland\/wp-content\/uploads\/2020\/09\/Expert-sessie-overzicht-6-Juni-2019.jpg","type":"image\/jpeg"}],"twitter_card":"summary_large_image","twitter_misc":{"Est. reading time":"6 minutes"},"schema":{"@context":"https:\/\/schema.org","@graph":[{"@type":"WebPage","@id":"https:\/\/bruggencampus.nl\/en\/innovations\/sprints\/sprint-3\/","url":"https:\/\/bruggencampus.nl\/en\/innovations\/sprints\/sprint-3\/","name":"Sprint 3 - Bruggencampus","isPartOf":{"@id":"https:\/\/bruggencampus.nl\/en\/#website"},"primaryImageOfPage":{"@id":"https:\/\/bruggencampus.nl\/en\/innovations\/sprints\/sprint-3\/#primaryimage"},"image":{"@id":"https:\/\/bruggencampus.nl\/en\/innovations\/sprints\/sprint-3\/#primaryimage"},"thumbnailUrl":"https:\/\/bruggencampus.nl\/flevoland\/wp-content\/uploads\/2020\/09\/Expert-sessie-overzicht-6-Juni-2019.jpg","datePublished":"2019-04-02T11:16:36+00:00","dateModified":"2022-04-11T09:19:48+00:00","breadcrumb":{"@id":"https:\/\/bruggencampus.nl\/en\/innovations\/sprints\/sprint-3\/#breadcrumb"},"inLanguage":"en-US","potentialAction":[{"@type":"ReadAction","target":["https:\/\/bruggencampus.nl\/en\/innovations\/sprints\/sprint-3\/"]}]},{"@type":"ImageObject","inLanguage":"en-US","@id":"https:\/\/bruggencampus.nl\/en\/innovations\/sprints\/sprint-3\/#primaryimage","url":"https:\/\/bruggencampus.nl\/flevoland\/wp-content\/uploads\/2020\/09\/Expert-sessie-overzicht-6-Juni-2019.jpg","contentUrl":"https:\/\/bruggencampus.nl\/flevoland\/wp-content\/uploads\/2020\/09\/Expert-sessie-overzicht-6-Juni-2019.jpg","width":1920,"height":1280},{"@type":"BreadcrumbList","@id":"https:\/\/bruggencampus.nl\/en\/innovations\/sprints\/sprint-3\/#breadcrumb","itemListElement":[{"@type":"ListItem","position":1,"name":"Home","item":"https:\/\/bruggencampus.nl\/en\/"},{"@type":"ListItem","position":2,"name":"Innovations","item":"https:\/\/bruggencampus.nl\/en\/innovations\/"},{"@type":"ListItem","position":3,"name":"Sprints","item":"https:\/\/bruggencampus.nl\/en\/sprints\/"},{"@type":"ListItem","position":4,"name":"Sprint 3"}]},{"@type":"WebSite","@id":"https:\/\/bruggencampus.nl\/en\/#website","url":"https:\/\/bruggencampus.nl\/en\/","name":"Bruggencampus","description":"Flevoland","potentialAction":[{"@type":"SearchAction","target":{"@type":"EntryPoint","urlTemplate":"https:\/\/bruggencampus.nl\/en\/?s={search_term_string}"},"query-input":{"@type":"PropertyValueSpecification","valueRequired":true,"valueName":"search_term_string"}}],"inLanguage":"en-US"}]}},"_links":{"self":[{"href":"https:\/\/bruggencampus.nl\/en\/wp-json\/wp\/v2\/pages\/2262","targetHints":{"allow":["GET"]}}],"collection":[{"href":"https:\/\/bruggencampus.nl\/en\/wp-json\/wp\/v2\/pages"}],"about":[{"href":"https:\/\/bruggencampus.nl\/en\/wp-json\/wp\/v2\/types\/page"}],"author":[{"embeddable":true,"href":"https:\/\/bruggencampus.nl\/en\/wp-json\/wp\/v2\/users\/1"}],"replies":[{"embeddable":true,"href":"https:\/\/bruggencampus.nl\/en\/wp-json\/wp\/v2\/comments?post=2262"}],"version-history":[{"count":4,"href":"https:\/\/bruggencampus.nl\/en\/wp-json\/wp\/v2\/pages\/2262\/revisions"}],"predecessor-version":[{"id":2285,"href":"https:\/\/bruggencampus.nl\/en\/wp-json\/wp\/v2\/pages\/2262\/revisions\/2285"}],"up":[{"embeddable":true,"href":"https:\/\/bruggencampus.nl\/en\/wp-json\/wp\/v2\/pages\/2133"}],"wp:featuredmedia":[{"embeddable":true,"href":"https:\/\/bruggencampus.nl\/en\/wp-json\/wp\/v2\/media\/1901"}],"wp:attachment":[{"href":"https:\/\/bruggencampus.nl\/en\/wp-json\/wp\/v2\/media?parent=2262"}],"curies":[{"name":"wp","href":"https:\/\/api.w.org\/{rel}","templated":true}]}}